{"id":3292,"date":"2025-05-04T18:15:53","date_gmt":"2025-05-04T16:15:53","guid":{"rendered":"http:\/\/localhost\/homeo\/?page_id=3292"},"modified":"2025-05-13T04:00:32","modified_gmt":"2025-05-13T02:00:32","slug":"sobre-mi","status":"publish","type":"page","link":"https:\/\/cbrokerabogados.com\/?page_id=3292","title":{"rendered":"Sobre Mi"},"content":{"rendered":"\t\t<div data-elementor-type=\"wp-page\" data-elementor-id=\"3292\" class=\"elementor elementor-3292\">\n\t\t\t\t<div class=\"elementor-element elementor-element-a48225c e-flex e-con-boxed e-con e-parent\" data-id=\"a48225c\" data-element_type=\"container\">\n\t\t\t\t\t<div class=\"e-con-inner\">\n\t\t<div class=\"elementor-element elementor-element-294eb3d e-con-full e-flex e-con e-child\" data-id=\"294eb3d\" data-element_type=\"container\">\n\t\t\t\t<div class=\"elementor-element elementor-element-7aa0042 elementor-widget elementor-widget-image\" data-id=\"7aa0042\" data-element_type=\"widget\" data-widget_type=\"image.default\">\n\t\t\t\t<div class=\"elementor-widget-container\">\n\t\t\t\t\t\t\t\t\t\t\t\t\t\t\t<img fetchpriority=\"high\" decoding=\"async\" width=\"500\" height=\"594\" src=\"https:\/\/cbrokerabogados.com\/wp-content\/uploads\/2025\/05\/SUGEILY-500.jpg\" class=\"attachment-full size-full wp-image-3492\" alt=\"\" srcset=\"https:\/\/cbrokerabogados.com\/wp-content\/uploads\/2025\/05\/SUGEILY-500.jpg 500w, https:\/\/cbrokerabogados.com\/wp-content\/uploads\/2025\/05\/SUGEILY-500-253x300.jpg 253w\" sizes=\"(max-width: 500px) 100vw, 500px\" \/>\t\t\t\t\t\t\t\t\t\t\t\t\t\t\t<\/div>\n\t\t\t\t<\/div>\n\t\t\t\t<\/div>\n\t\t<div class=\"elementor-element elementor-element-8d3d460 e-con-full e-flex e-con e-child\" data-id=\"8d3d460\" data-element_type=\"container\">\n\t\t\t\t<div class=\"elementor-element elementor-element-ee0d011 elementor-widget elementor-widget-text-editor\" data-id=\"ee0d011\" data-element_type=\"widget\" data-widget_type=\"text-editor.default\">\n\t\t\t\t<div class=\"elementor-widget-container\">\n\t\t\t\t\t\t\t\t\t<p>Soy una profesional paname\u00f1a apasionada por el servicio, con una s\u00f3lida formaci\u00f3n en el \u00e1mbito legal y una visi\u00f3n integral del mercado inmobiliario en Panam\u00e1. Como <strong>abogada <\/strong>y <strong>agente de bienes ra\u00edces id\u00f3nea<\/strong>, brindo soluciones personalizadas y \u00e9ticas tanto a nivel nacional como internacional.<\/p><p>Mi enfoque combina la excelencia profesional, el compromiso con el cliente y un conocimiento profundo del marco legal y de los proyectos inmobiliarios m\u00e1s exclusivos del pa\u00eds.<\/p>\t\t\t\t\t\t\t\t<\/div>\n\t\t\t\t<\/div>\n\t\t\t\t<\/div>\n\t\t\t\t\t<\/div>\n\t\t\t\t<\/div>\n\t\t\t\t<\/div>\n\t\t","protected":false},"excerpt":{"rendered":"<p>Soy una profesional paname\u00f1a apasionada por el servicio, con una s\u00f3lida formaci\u00f3n en el \u00e1mbito legal y una visi\u00f3n integral del mercado inmobiliario en Panam\u00e1. Como abogada y agente de bienes ra\u00edces id\u00f3nea, brindo soluciones personalizadas y \u00e9ticas tanto a nivel nacional como internacional. Mi enfoque combina la excelencia profesional, el compromiso con el cliente [&hellip;]<\/p>\n","protected":false},"author":2,"featured_media":0,"parent":0,"menu_order":0,"comment_status":"closed","ping_status":"closed","template":"","meta":{"footnotes":""},"class_list":["post-3292","page","type-page","status-publish","hentry"],"_links":{"self":[{"href":"https:\/\/cbrokerabogados.com\/index.php?rest_route=\/wp\/v2\/pages\/3292","targetHints":{"allow":["GET"]}}],"collection":[{"href":"https:\/\/cbrokerabogados.com\/index.php?rest_route=\/wp\/v2\/pages"}],"about":[{"href":"https:\/\/cbrokerabogados.com\/index.php?rest_route=\/wp\/v2\/types\/page"}],"author":[{"embeddable":true,"href":"https:\/\/cbrokerabogados.com\/index.php?rest_route=\/wp\/v2\/users\/2"}],"replies":[{"embeddable":true,"href":"https:\/\/cbrokerabogados.com\/index.php?rest_route=%2Fwp%2Fv2%2Fcomments&post=3292"}],"version-history":[{"count":25,"href":"https:\/\/cbrokerabogados.com\/index.php?rest_route=\/wp\/v2\/pages\/3292\/revisions"}],"predecessor-version":[{"id":3504,"href":"https:\/\/cbrokerabogados.com\/index.php?rest_route=\/wp\/v2\/pages\/3292\/revisions\/3504"}],"wp:attachment":[{"href":"https:\/\/cbrokerabogados.com\/index.php?rest_route=%2Fwp%2Fv2%2Fmedia&parent=3292"}],"curies":[{"name":"wp","href":"https:\/\/api.w.org\/{rel}","templated":true}]}}